{"id":3805,"date":"2024-11-12T12:25:25","date_gmt":"2024-11-12T12:25:25","guid":{"rendered":"https:\/\/calithea-complex.com\/?page_id=3805"},"modified":"2025-11-10T13:12:52","modified_gmt":"2025-11-10T13:12:52","slug":"payment-conditions","status":"publish","type":"page","link":"https:\/\/calithea-complex.com\/ro\/payment-conditions\/","title":{"rendered":"Condi\u021bii de plat\u0103 pentru rezervare confirmate"},"content":{"rendered":"<p>Aceste condi\u021bii vor fi \u00eenc\u0103rcate automat dup\u0103 confirmarea rezerv\u0103rii!<\/p>\n\n\n\n<p><strong><em>Plata prin transfer bancar in BGN:<\/em><\/strong><\/p>\n\n\n\n<p><strong>Firma beneficiar\u0103: <\/strong>\u201eJurmala\u201d EOOD<\/p>\n\n\n\n<p><strong>Banca:<\/strong>UniCredit Bulbank<\/p>\n\n\n\n<p><strong>IBAN \u00een BGN<\/strong>: BG45 UNCR 7000 1517 0546 22<\/p>\n\n\n\n<p><strong>IBAN \u00een Euro: <\/strong>BG60 UNCR 7000 1519 7000 27<\/p>\n\n\n\n<p><strong>Cod bancar<\/strong><strong>\/ SWIFT\/ BIC<\/strong>: UNCRBGSF<\/p>\n\n\n\n<p><strong>Termeni de plata:<\/strong><\/p>\n\n\n\n<p>20% avans nerambursabil care se pl\u0103te\u0219te \u00een cel mult 5 zile lucr\u0103toare de la rezervarea apartamentului.<\/p>\n\n\n\n<p>Plat\u0103 suplimentar\u0103 nerambursabil\u0103 de 40% cu cel mult 30 de zile \u00eenainte de check-in.<\/p>\n\n\n\n<p>Soldul se pl\u0103te\u0219te la check-in sau se transfer\u0103 \u00een contul bancar al complexului. Pentru rezerv\u0103rile de ultim\u0103 or\u0103, este necesar\u0103 plata \u00een avans prin transfer bancar cu p\u00e2n\u0103 la 7 zile \u00eenainte de data sosirii.\n\n\u00cen traducere, men\u021biona\u021bi numele sub care rezervarea \u00een sine este rezervat\u0103. \u00cen cazul \u00een care suma datorat\u0103 nu este primit\u0103, rezervarea va fi considerat\u0103 invalid\u0103, iar apartamentele alocate nu vor fi rezervate.<\/p>\n\n\n\n<p>\u00cen cazul \u00een care suma datorat\u0103 nu este primit\u0103, rezervarea va fi considerat\u0103 invalid\u0103, iar apartamentele alocate nu vor fi rezervate.&nbsp;<\/p>\n\n\n\n<p>Condi\u021biile anun\u021bate sunt valabile doar pentru rezerv\u0103ri directe \u0219i individuale.\n\nComplexul func\u021bioneaz\u0103 cu cursul de schimb oficial al BNB 1 Euro = 1,95583 BGN.\n\n\u00cen cazul \u00een care dori\u021bi s\u0103 v\u0103 emitem o factur\u0103 pentru sejurul dumneavoastr\u0103, v\u0103 rug\u0103m s\u0103 re\u021bine\u021bi c\u0103 aceasta trebuie emis\u0103 \u00een termen de 5 zile de la primirea pl\u0103\u021bii. \u00cen conformitate cu legisla\u021bia bulgar\u0103, nu putem emite facturi de plat\u0103 cu date ulterioare!<\/p>\n\n\n\n<p><strong><em>Nota Bene:<\/em> V\u0103 rug\u0103m s\u0103 re\u021bine\u021bi c\u0103 orele de lini\u0219te anun\u021bate oficial \u00een complex sunt \u00eentre orele 22:00 \u0219i 09:00.<\/strong><\/p>\n\n\n\n<p><em><strong>Plec\u0103ri devreme sau neprezent\u0103ri:<\/strong><\/em><br>Se aplic\u0103 o tax\u0103 egal\u0103 cu 100% din \u00eentregul sejur. \u00cen cazul unei neprezent\u0103ri (adic\u0103 dac\u0103 nici nu utiliza\u021bi \u0219i nici nu v\u0103 anula\u021bi rezervarea), se va aplica o tax\u0103 egal\u0103 cu \u00eentregul sejur. Plec\u0103rile anticipate sau anul\u0103rile din cauza vremii nefavorabile sunt taxate integral.<\/p>\n\n\n\n<p><em><strong>Asigurare de calatorie:<\/strong><\/em><br>Complexul Calithea \u00ee\u0219i rezerv\u0103 dreptul de a nu acorda excep\u021bii de la politica sa de anulare pentru chestiuni medicale sau personale, vreme rea sau alte circumstan\u021be. Este recomandat s\u0103 achizi\u021biona\u021bi o asigurare de c\u0103l\u0103torie adecvat\u0103 \u00eenainte de a confirma \u0219i accepta termenii \u0219i condi\u021biile \u0219i politica de anulare.<\/p>\n\n\n\n<p><em><strong>V\u0103 mul\u021bumim anticipat pentru cooperare \u0219i s\u0103 v\u0103 fie \u0219ederea pl\u0103cut\u0103, lini\u0219tit\u0103 \u0219i revigorant\u0103!<\/strong><\/em><\/p>","protected":false},"excerpt":{"rendered":"<p>\u0422\u0435\u0437\u0438 \u0443\u0441\u043b\u043e\u0432\u0438\u044f \u0449\u0435 \u0441\u0435 \u0437\u0430\u0440\u0435\u0434\u044f\u0442 \u0430\u0432\u0442\u043e\u043c\u0430\u0442\u0438\u0447\u043d\u043e \u0441\u043b\u0435\u0434 \u043f\u043e\u0442\u0432\u044a\u0440\u0436\u0434\u0435\u043d\u0438\u0435 \u043d\u0430 \u0412\u0430\u0448\u0430\u0442\u0430 \u0440\u0435\u0437\u0435\u0440\u0432\u0430\u0446\u0438\u044f! \u041f\u043b\u0430\u0449\u0430\u043d\u0435 \u043f\u043e \u0431\u0430\u043d\u043a\u043e\u0432 \u043f\u044a\u0442 \u0432 \u043b\u0435\u0432\u0430: \u0424\u0438\u0440\u043c\u0430 \u043f\u043e\u043b\u0443\u0447\u0430\u0442\u0435\u043b: &#8220;\u042e\u0440\u043c\u0430\u043b\u0430&#8221; \u0415\u041e\u041e\u0414 \u0411\u0430\u043d\u043a\u0430: \u0423\u043d\u0438\u041a\u0440\u0435\u0434\u0438\u0442 \u0411\u0443\u043b\u0431\u0430\u043d\u043a IBAN \u0432 \u043b\u0435\u0432\u0430: BG45 UNCR 7000 1517 0546 22 IBAN \u0432 \u0415\u0432\u0440\u043e: BG60 UNCR 7000 1519 7000 27 \u0411\u0430\u043d\u043a\u043e\u0432 \u043a\u043e\u0434\/ SWIFT\/ BIC: UNCRBGSF \u0423\u0441\u043b\u043e\u0432\u0438\u044f \u043d\u0430 \u043f\u043b\u0430\u0449\u0430\u043d\u0435\u0442\u043e: 20% \u0430\u0432\u0430\u043d\u0441 \u043f\u0440\u0438 \u0440\u0435\u0437\u0435\u0440\u0432\u0430\u0446\u0438\u044f \u0434\u043e [&hellip;]<\/p>","protected":false},"author":4,"featured_media":0,"parent":0,"menu_order":0,"comment_status":"closed","ping_status":"closed","template":"","meta":{"footnotes":""},"class_list":["post-3805","page","type-page","status-publish","hentry"],"_links":{"self":[{"href":"https:\/\/calithea-complex.com\/ro\/wp-json\/wp\/v2\/pages\/3805","targetHints":{"allow":["GET"]}}],"collection":[{"href":"https:\/\/calithea-complex.com\/ro\/wp-json\/wp\/v2\/pages"}],"about":[{"href":"https:\/\/calithea-complex.com\/ro\/wp-json\/wp\/v2\/types\/page"}],"author":[{"embeddable":true,"href":"https:\/\/calithea-complex.com\/ro\/wp-json\/wp\/v2\/users\/4"}],"replies":[{"embeddable":true,"href":"https:\/\/calithea-complex.com\/ro\/wp-json\/wp\/v2\/comments?post=3805"}],"version-history":[{"count":3,"href":"https:\/\/calithea-complex.com\/ro\/wp-json\/wp\/v2\/pages\/3805\/revisions"}],"predecessor-version":[{"id":4003,"href":"https:\/\/calithea-complex.com\/ro\/wp-json\/wp\/v2\/pages\/3805\/revisions\/4003"}],"wp:attachment":[{"href":"https:\/\/calithea-complex.com\/ro\/wp-json\/wp\/v2\/media?parent=3805"}],"curies":[{"name":"wp","href":"https:\/\/api.w.org\/{rel}","templated":true}]}}